{"id":17628,"date":"2024-12-19T13:47:43","date_gmt":"2024-12-19T12:47:43","guid":{"rendered":"https:\/\/www.norafrench.nl\/?post_type=product&#038;p=17628"},"modified":"2024-12-19T13:57:36","modified_gmt":"2024-12-19T12:57:36","slug":"gesundes-fastfood","status":"publish","type":"product","link":"https:\/\/www.norafrench.nl\/nl\/product\/gesundes-fastfood\/","title":{"rendered":"Gesundes Fastfood"},"content":{"rendered":"<p class=\"p1\">100 schnelle, leckere und einfache Rezepte f\u00fcr die ganze Familie.<\/p>\n","protected":false},"excerpt":{"rendered":"<p class=\"p1\">Hast du ein gesch\u00e4ftiges (Familien-)Leben und bleibt die gesunde Mahlzeit manchmal auf der Strecke? Mach es dir einfach mit <b>Gesundes Fastfood: 100 schnelle, k\u00f6stliche und einfache Rezepte<\/b>. Denk an Pfannkuchen, Salate und Schokoladengen\u00fcsse, aber auch an Burger, Pasta und Pizza in einer gesunden Variante.<\/p>\n<p class=\"p1\"><b>Normale Superfoods<\/b><b><\/b><\/p>\n<p class=\"p1\">Mit <i>Gesundes Fastfood<\/i> isst du lecker und gesund, ohne aufwendige Eink\u00e4ufe machen oder lange in der K\u00fcche stehen zu m\u00fcssen. Du kochst mit nat\u00fcrlichen und unverarbeiteten Zutaten \u2013 ganz normalen Superfoods wie Zucchini, Zwiebeln, Tomaten, Bananen und Erdbeeren.<\/p>\n<p class=\"p1\"><b>Einfach und schnell<\/b><b><\/b><\/p>\n<p class=\"p3\">\u2022Rezepte f\u00fcr die Familie<\/p>\n<p class=\"p3\">\u2022Gesunde Fastfood-Klassiker<\/p>\n<p class=\"p3\">\u2022Glutenfrei<\/p>\n<p class=\"p3\">\u2022Nach Zeit geordnet<\/p>\n","protected":false},"featured_media":17629,"template":"","meta":{"_acf_changed":false},"product_brand":[],"product_cat":[127],"product_tag":[],"class_list":{"0":"post-17628","1":"product","2":"type-product","3":"status-publish","4":"has-post-thumbnail","6":"product_cat-boeken-2","8":"first","9":"instock","10":"taxable","11":"shipping-taxable","12":"purchasable","13":"product-type-simple"},"acf":[],"yoast_head":"<!-- This site is optimized with the Yoast SEO plugin v26.9 - https:\/\/yoast.com\/product\/yoast-seo-wordpress\/ -->\n<title>Gesundes Fastfood - Noralicious<\/title>\n<meta name=\"robots\" content=\"index, follow, max-snippet:-1, max-image-preview:large, max-video-preview:-1\" \/>\n<link rel=\"canonical\" href=\"https:\/\/www.norafrench.nl\/nl\/product\/gesundes-fastfood\/\" \/>\n<meta property=\"og:locale\" content=\"nl_NL\" \/>\n<meta property=\"og:type\" content=\"article\" \/>\n<meta property=\"og:title\" content=\"Gesundes Fastfood - Noralicious\" \/>\n<meta property=\"og:description\" content=\"Hast du ein gesch\u00e4ftiges (Familien-)Leben und bleibt die gesunde Mahlzeit manchmal auf der Strecke? Mach es dir einfach mit Gesundes Fastfood: 100 schnelle, k\u00f6stliche und einfache Rezepte. Denk an Pfannkuchen, Salate und Schokoladengen\u00fcsse, aber auch an Burger, Pasta und Pizza in einer gesunden Variante. Normale Superfoods Mit Gesundes Fastfood isst du lecker und gesund, ohne aufwendige Eink\u00e4ufe machen oder lange in der K\u00fcche stehen zu m\u00fcssen. Du kochst mit nat\u00fcrlichen und unverarbeiteten Zutaten \u2013 ganz normalen Superfoods wie Zucchini, Zwiebeln, Tomaten, Bananen und Erdbeeren. Einfach und schnell \u2022Rezepte f\u00fcr die Familie \u2022Gesunde Fastfood-Klassiker \u2022Glutenfrei \u2022Nach Zeit geordnet\" \/>\n<meta property=\"og:url\" content=\"https:\/\/www.norafrench.nl\/nl\/product\/gesundes-fastfood\/\" \/>\n<meta property=\"og:site_name\" content=\"Noralicious\" \/>\n<meta property=\"article:modified_time\" content=\"2024-12-19T12:57:36+00:00\" \/>\n<meta property=\"og:image\" content=\"https:\/\/www.norafrench.nl\/wp-content\/uploads\/2024\/12\/Gesundes_Fastfood_Packshot.jpg\" \/>\n\t<meta property=\"og:image:width\" content=\"1920\" \/>\n\t<meta property=\"og:image:height\" content=\"1920\" \/>\n\t<meta property=\"og:image:type\" content=\"image\/jpeg\" \/>\n<meta name=\"twitter:card\" content=\"summary_large_image\" \/>\n<meta name=\"twitter:label1\" content=\"Geschatte leestijd\" \/>\n\t<meta name=\"twitter:data1\" content=\"1 minuut\" \/>\n<script type=\"application\/ld+json\" class=\"yoast-schema-graph\">{\"@context\":\"https:\/\/schema.org\",\"@graph\":[{\"@type\":\"WebPage\",\"@id\":\"https:\/\/www.norafrench.nl\/nl\/product\/gesundes-fastfood\/\",\"url\":\"https:\/\/www.norafrench.nl\/nl\/product\/gesundes-fastfood\/\",\"name\":\"Gesundes Fastfood - Noralicious\",\"isPartOf\":{\"@id\":\"https:\/\/www.norafrench.nl\/nl\/#website\"},\"primaryImageOfPage\":{\"@id\":\"https:\/\/www.norafrench.nl\/nl\/product\/gesundes-fastfood\/#primaryimage\"},\"image\":{\"@id\":\"https:\/\/www.norafrench.nl\/nl\/product\/gesundes-fastfood\/#primaryimage\"},\"thumbnailUrl\":\"https:\/\/www.norafrench.nl\/wp-content\/uploads\/2024\/12\/Gesundes_Fastfood_Packshot.jpg\",\"datePublished\":\"2024-12-19T12:47:43+00:00\",\"dateModified\":\"2024-12-19T12:57:36+00:00\",\"breadcrumb\":{\"@id\":\"https:\/\/www.norafrench.nl\/nl\/product\/gesundes-fastfood\/#breadcrumb\"},\"inLanguage\":\"nl-NL\",\"potentialAction\":[{\"@type\":\"ReadAction\",\"target\":[\"https:\/\/www.norafrench.nl\/nl\/product\/gesundes-fastfood\/\"]}]},{\"@type\":\"ImageObject\",\"inLanguage\":\"nl-NL\",\"@id\":\"https:\/\/www.norafrench.nl\/nl\/product\/gesundes-fastfood\/#primaryimage\",\"url\":\"https:\/\/www.norafrench.nl\/wp-content\/uploads\/2024\/12\/Gesundes_Fastfood_Packshot.jpg\",\"contentUrl\":\"https:\/\/www.norafrench.nl\/wp-content\/uploads\/2024\/12\/Gesundes_Fastfood_Packshot.jpg\",\"width\":1920,\"height\":1920},{\"@type\":\"BreadcrumbList\",\"@id\":\"https:\/\/www.norafrench.nl\/nl\/product\/gesundes-fastfood\/#breadcrumb\",\"itemListElement\":[{\"@type\":\"ListItem\",\"position\":1,\"name\":\"Home\",\"item\":\"https:\/\/www.norafrench.nl\/nl\/\"},{\"@type\":\"ListItem\",\"position\":2,\"name\":\"Webshop\",\"item\":\"https:\/\/www.norafrench.nl\/nl\/shop\/\"},{\"@type\":\"ListItem\",\"position\":3,\"name\":\"Gesundes Fastfood\"}]},{\"@type\":\"WebSite\",\"@id\":\"https:\/\/www.norafrench.nl\/nl\/#website\",\"url\":\"https:\/\/www.norafrench.nl\/nl\/\",\"name\":\"Noralicious\",\"description\":\"\",\"potentialAction\":[{\"@type\":\"SearchAction\",\"target\":{\"@type\":\"EntryPoint\",\"urlTemplate\":\"https:\/\/www.norafrench.nl\/nl\/?s={search_term_string}\"},\"query-input\":{\"@type\":\"PropertyValueSpecification\",\"valueRequired\":true,\"valueName\":\"search_term_string\"}}],\"inLanguage\":\"nl-NL\"}]}<\/script>\n<!-- \/ Yoast SEO plugin. -->","yoast_head_json":{"title":"Gesundes Fastfood - Noralicious","robots":{"index":"index","follow":"follow","max-snippet":"max-snippet:-1","max-image-preview":"max-image-preview:large","max-video-preview":"max-video-preview:-1"},"canonical":"https:\/\/www.norafrench.nl\/nl\/product\/gesundes-fastfood\/","og_locale":"nl_NL","og_type":"article","og_title":"Gesundes Fastfood - Noralicious","og_description":"Hast du ein gesch\u00e4ftiges (Familien-)Leben und bleibt die gesunde Mahlzeit manchmal auf der Strecke? Mach es dir einfach mit Gesundes Fastfood: 100 schnelle, k\u00f6stliche und einfache Rezepte. Denk an Pfannkuchen, Salate und Schokoladengen\u00fcsse, aber auch an Burger, Pasta und Pizza in einer gesunden Variante. Normale Superfoods Mit Gesundes Fastfood isst du lecker und gesund, ohne aufwendige Eink\u00e4ufe machen oder lange in der K\u00fcche stehen zu m\u00fcssen. Du kochst mit nat\u00fcrlichen und unverarbeiteten Zutaten \u2013 ganz normalen Superfoods wie Zucchini, Zwiebeln, Tomaten, Bananen und Erdbeeren. Einfach und schnell \u2022Rezepte f\u00fcr die Familie \u2022Gesunde Fastfood-Klassiker \u2022Glutenfrei \u2022Nach Zeit geordnet","og_url":"https:\/\/www.norafrench.nl\/nl\/product\/gesundes-fastfood\/","og_site_name":"Noralicious","article_modified_time":"2024-12-19T12:57:36+00:00","og_image":[{"width":1920,"height":1920,"url":"https:\/\/www.norafrench.nl\/wp-content\/uploads\/2024\/12\/Gesundes_Fastfood_Packshot.jpg","type":"image\/jpeg"}],"twitter_card":"summary_large_image","twitter_misc":{"Geschatte leestijd":"1 minuut"},"schema":{"@context":"https:\/\/schema.org","@graph":[{"@type":"WebPage","@id":"https:\/\/www.norafrench.nl\/nl\/product\/gesundes-fastfood\/","url":"https:\/\/www.norafrench.nl\/nl\/product\/gesundes-fastfood\/","name":"Gesundes Fastfood - Noralicious","isPartOf":{"@id":"https:\/\/www.norafrench.nl\/nl\/#website"},"primaryImageOfPage":{"@id":"https:\/\/www.norafrench.nl\/nl\/product\/gesundes-fastfood\/#primaryimage"},"image":{"@id":"https:\/\/www.norafrench.nl\/nl\/product\/gesundes-fastfood\/#primaryimage"},"thumbnailUrl":"https:\/\/www.norafrench.nl\/wp-content\/uploads\/2024\/12\/Gesundes_Fastfood_Packshot.jpg","datePublished":"2024-12-19T12:47:43+00:00","dateModified":"2024-12-19T12:57:36+00:00","breadcrumb":{"@id":"https:\/\/www.norafrench.nl\/nl\/product\/gesundes-fastfood\/#breadcrumb"},"inLanguage":"nl-NL","potentialAction":[{"@type":"ReadAction","target":["https:\/\/www.norafrench.nl\/nl\/product\/gesundes-fastfood\/"]}]},{"@type":"ImageObject","inLanguage":"nl-NL","@id":"https:\/\/www.norafrench.nl\/nl\/product\/gesundes-fastfood\/#primaryimage","url":"https:\/\/www.norafrench.nl\/wp-content\/uploads\/2024\/12\/Gesundes_Fastfood_Packshot.jpg","contentUrl":"https:\/\/www.norafrench.nl\/wp-content\/uploads\/2024\/12\/Gesundes_Fastfood_Packshot.jpg","width":1920,"height":1920},{"@type":"BreadcrumbList","@id":"https:\/\/www.norafrench.nl\/nl\/product\/gesundes-fastfood\/#breadcrumb","itemListElement":[{"@type":"ListItem","position":1,"name":"Home","item":"https:\/\/www.norafrench.nl\/nl\/"},{"@type":"ListItem","position":2,"name":"Webshop","item":"https:\/\/www.norafrench.nl\/nl\/shop\/"},{"@type":"ListItem","position":3,"name":"Gesundes Fastfood"}]},{"@type":"WebSite","@id":"https:\/\/www.norafrench.nl\/nl\/#website","url":"https:\/\/www.norafrench.nl\/nl\/","name":"Noralicious","description":"","potentialAction":[{"@type":"SearchAction","target":{"@type":"EntryPoint","urlTemplate":"https:\/\/www.norafrench.nl\/nl\/?s={search_term_string}"},"query-input":{"@type":"PropertyValueSpecification","valueRequired":true,"valueName":"search_term_string"}}],"inLanguage":"nl-NL"}]}},"_links":{"self":[{"href":"https:\/\/www.norafrench.nl\/nl\/wp-json\/wp\/v2\/product\/17628","targetHints":{"allow":["GET"]}}],"collection":[{"href":"https:\/\/www.norafrench.nl\/nl\/wp-json\/wp\/v2\/product"}],"about":[{"href":"https:\/\/www.norafrench.nl\/nl\/wp-json\/wp\/v2\/types\/product"}],"wp:featuredmedia":[{"embeddable":true,"href":"https:\/\/www.norafrench.nl\/nl\/wp-json\/wp\/v2\/media\/17629"}],"wp:attachment":[{"href":"https:\/\/www.norafrench.nl\/nl\/wp-json\/wp\/v2\/media?parent=17628"}],"wp:term":[{"taxonomy":"product_brand","embeddable":true,"href":"https:\/\/www.norafrench.nl\/nl\/wp-json\/wp\/v2\/product_brand?post=17628"},{"taxonomy":"product_cat","embeddable":true,"href":"https:\/\/www.norafrench.nl\/nl\/wp-json\/wp\/v2\/product_cat?post=17628"},{"taxonomy":"product_tag","embeddable":true,"href":"https:\/\/www.norafrench.nl\/nl\/wp-json\/wp\/v2\/product_tag?post=17628"}],"curies":[{"name":"wp","href":"https:\/\/api.w.org\/{rel}","templated":true}]}}