{"id":15791,"date":"2020-02-05T08:56:59","date_gmt":"2020-02-05T07:56:59","guid":{"rendered":"http:\/\/www.norafrench.nl\/product\/boek-1\/"},"modified":"2024-10-13T19:32:11","modified_gmt":"2024-10-13T17:32:11","slug":"pioppi-het-kookboek","status":"publish","type":"product","link":"https:\/\/www.norafrench.nl\/nl\/product\/pioppi-het-kookboek\/","title":{"rendered":"Pioppi h\u00e9t kookboek"},"content":{"rendered":"<p>Val af, voel je goed en verbeter je gezondheid terwijl je lekker eet!<\/p>\n","protected":false},"excerpt":{"rendered":"<p>Een gezonde levensstijl en \u00e9cht lekker eten? Dat kan met Pioppi h\u00e9t kookboek. Geniet van heerlijke koolhydraatarme gerechten zoals frittata met spinazie en spekjes, groentelasagne met zoete aardappel en kipgnuggets met zelfgemaakte ketchup.<\/p>\n<p><strong>Pioppi-dieet<br \/>\n<\/strong>Het kookboek is een praktische vertaling van het populaire Pioppi-dieet. In dit dieet komen Mediterrane voedingsprincipes samen met nieuwe wetenschappelijke inzichten over gezond eten en leven. De Pioppi-recepten bevatten veel groenten, gezonde vetten, eiwitten en ook een stukje vlees en vis.<\/p>\n<ul>\n<li>Gebaseerd op Pioppi-dieet<\/li>\n<li>Afvallen en gezondheid verbeteren<\/li>\n<li>Koolhydraatarm<\/li>\n<li>Weekmenu\u2019s<\/li>\n<li>Levensstijltips<\/li>\n<\/ul>\n","protected":false},"featured_media":15813,"template":"","meta":{"_acf_changed":false},"product_brand":[],"product_cat":[127],"product_tag":[],"class_list":{"0":"post-15791","1":"product","2":"type-product","3":"status-publish","4":"has-post-thumbnail","6":"product_cat-boeken-2","8":"first","9":"outofstock","10":"taxable","11":"shipping-taxable","12":"purchasable","13":"product-type-simple"},"acf":[],"yoast_head":"<!-- This site is optimized with the Yoast SEO plugin v26.9 - https:\/\/yoast.com\/product\/yoast-seo-wordpress\/ -->\n<title>Pioppi h\u00e9t kookboek - Noralicious<\/title>\n<meta name=\"robots\" content=\"index, follow, max-snippet:-1, max-image-preview:large, max-video-preview:-1\" \/>\n<link rel=\"canonical\" href=\"https:\/\/www.norafrench.nl\/nl\/product\/pioppi-het-kookboek\/\" \/>\n<meta property=\"og:locale\" content=\"nl_NL\" \/>\n<meta property=\"og:type\" content=\"article\" \/>\n<meta property=\"og:title\" content=\"Pioppi h\u00e9t kookboek - Noralicious\" \/>\n<meta property=\"og:description\" content=\"Een gezonde levensstijl en \u00e9cht lekker eten? Dat kan met Pioppi h\u00e9t kookboek. Geniet van heerlijke koolhydraatarme gerechten zoals frittata met spinazie en spekjes, groentelasagne met zoete aardappel en kipgnuggets met zelfgemaakte ketchup.  Pioppi-dieet Het kookboek is een praktische vertaling van het populaire Pioppi-dieet. In dit dieet komen Mediterrane voedingsprincipes samen met nieuwe wetenschappelijke inzichten over gezond eten en leven. De Pioppi-recepten bevatten veel groenten, gezonde vetten, eiwitten en ook een stukje vlees en vis.   Gebaseerd op Pioppi-dieet  Afvallen en gezondheid verbeteren  Koolhydraatarm  Weekmenu\u2019s  Levensstijltips\" \/>\n<meta property=\"og:url\" content=\"https:\/\/www.norafrench.nl\/nl\/product\/pioppi-het-kookboek\/\" \/>\n<meta property=\"og:site_name\" content=\"Noralicious\" \/>\n<meta property=\"article:modified_time\" content=\"2024-10-13T17:32:11+00:00\" \/>\n<meta property=\"og:image\" content=\"https:\/\/www.norafrench.nl\/wp-content\/uploads\/2020\/01\/NORA_WEBS_Product_Boek-Pioppi_600x600.jpg\" \/>\n\t<meta property=\"og:image:width\" content=\"600\" \/>\n\t<meta property=\"og:image:height\" content=\"600\" \/>\n\t<meta property=\"og:image:type\" content=\"image\/jpeg\" \/>\n<meta name=\"twitter:card\" content=\"summary_large_image\" \/>\n<meta name=\"twitter:label1\" content=\"Geschatte leestijd\" \/>\n\t<meta name=\"twitter:data1\" content=\"1 minuut\" \/>\n<script type=\"application\/ld+json\" class=\"yoast-schema-graph\">{\"@context\":\"https:\/\/schema.org\",\"@graph\":[{\"@type\":\"WebPage\",\"@id\":\"https:\/\/www.norafrench.nl\/nl\/product\/pioppi-het-kookboek\/\",\"url\":\"https:\/\/www.norafrench.nl\/nl\/product\/pioppi-het-kookboek\/\",\"name\":\"Pioppi h\u00e9t kookboek - Noralicious\",\"isPartOf\":{\"@id\":\"https:\/\/www.norafrench.nl\/nl\/#website\"},\"primaryImageOfPage\":{\"@id\":\"https:\/\/www.norafrench.nl\/nl\/product\/pioppi-het-kookboek\/#primaryimage\"},\"image\":{\"@id\":\"https:\/\/www.norafrench.nl\/nl\/product\/pioppi-het-kookboek\/#primaryimage\"},\"thumbnailUrl\":\"https:\/\/www.norafrench.nl\/wp-content\/uploads\/2020\/01\/NORA_WEBS_Product_Boek-Pioppi_600x600.jpg\",\"datePublished\":\"2020-02-05T07:56:59+00:00\",\"dateModified\":\"2024-10-13T17:32:11+00:00\",\"breadcrumb\":{\"@id\":\"https:\/\/www.norafrench.nl\/nl\/product\/pioppi-het-kookboek\/#breadcrumb\"},\"inLanguage\":\"nl-NL\",\"potentialAction\":[{\"@type\":\"ReadAction\",\"target\":[\"https:\/\/www.norafrench.nl\/nl\/product\/pioppi-het-kookboek\/\"]}]},{\"@type\":\"ImageObject\",\"inLanguage\":\"nl-NL\",\"@id\":\"https:\/\/www.norafrench.nl\/nl\/product\/pioppi-het-kookboek\/#primaryimage\",\"url\":\"https:\/\/www.norafrench.nl\/wp-content\/uploads\/2020\/01\/NORA_WEBS_Product_Boek-Pioppi_600x600.jpg\",\"contentUrl\":\"https:\/\/www.norafrench.nl\/wp-content\/uploads\/2020\/01\/NORA_WEBS_Product_Boek-Pioppi_600x600.jpg\",\"width\":600,\"height\":600},{\"@type\":\"BreadcrumbList\",\"@id\":\"https:\/\/www.norafrench.nl\/nl\/product\/pioppi-het-kookboek\/#breadcrumb\",\"itemListElement\":[{\"@type\":\"ListItem\",\"position\":1,\"name\":\"Home\",\"item\":\"https:\/\/www.norafrench.nl\/nl\/\"},{\"@type\":\"ListItem\",\"position\":2,\"name\":\"Webshop\",\"item\":\"https:\/\/www.norafrench.nl\/nl\/shop\/\"},{\"@type\":\"ListItem\",\"position\":3,\"name\":\"Pioppi h\u00e9t kookboek\"}]},{\"@type\":\"WebSite\",\"@id\":\"https:\/\/www.norafrench.nl\/nl\/#website\",\"url\":\"https:\/\/www.norafrench.nl\/nl\/\",\"name\":\"Noralicious\",\"description\":\"\",\"potentialAction\":[{\"@type\":\"SearchAction\",\"target\":{\"@type\":\"EntryPoint\",\"urlTemplate\":\"https:\/\/www.norafrench.nl\/nl\/?s={search_term_string}\"},\"query-input\":{\"@type\":\"PropertyValueSpecification\",\"valueRequired\":true,\"valueName\":\"search_term_string\"}}],\"inLanguage\":\"nl-NL\"}]}<\/script>\n<!-- \/ Yoast SEO plugin. -->","yoast_head_json":{"title":"Pioppi h\u00e9t kookboek - Noralicious","robots":{"index":"index","follow":"follow","max-snippet":"max-snippet:-1","max-image-preview":"max-image-preview:large","max-video-preview":"max-video-preview:-1"},"canonical":"https:\/\/www.norafrench.nl\/nl\/product\/pioppi-het-kookboek\/","og_locale":"nl_NL","og_type":"article","og_title":"Pioppi h\u00e9t kookboek - Noralicious","og_description":"Een gezonde levensstijl en \u00e9cht lekker eten? Dat kan met Pioppi h\u00e9t kookboek. Geniet van heerlijke koolhydraatarme gerechten zoals frittata met spinazie en spekjes, groentelasagne met zoete aardappel en kipgnuggets met zelfgemaakte ketchup.  Pioppi-dieet Het kookboek is een praktische vertaling van het populaire Pioppi-dieet. In dit dieet komen Mediterrane voedingsprincipes samen met nieuwe wetenschappelijke inzichten over gezond eten en leven. De Pioppi-recepten bevatten veel groenten, gezonde vetten, eiwitten en ook een stukje vlees en vis.   Gebaseerd op Pioppi-dieet  Afvallen en gezondheid verbeteren  Koolhydraatarm  Weekmenu\u2019s  Levensstijltips","og_url":"https:\/\/www.norafrench.nl\/nl\/product\/pioppi-het-kookboek\/","og_site_name":"Noralicious","article_modified_time":"2024-10-13T17:32:11+00:00","og_image":[{"width":600,"height":600,"url":"https:\/\/www.norafrench.nl\/wp-content\/uploads\/2020\/01\/NORA_WEBS_Product_Boek-Pioppi_600x600.jpg","type":"image\/jpeg"}],"twitter_card":"summary_large_image","twitter_misc":{"Geschatte leestijd":"1 minuut"},"schema":{"@context":"https:\/\/schema.org","@graph":[{"@type":"WebPage","@id":"https:\/\/www.norafrench.nl\/nl\/product\/pioppi-het-kookboek\/","url":"https:\/\/www.norafrench.nl\/nl\/product\/pioppi-het-kookboek\/","name":"Pioppi h\u00e9t kookboek - Noralicious","isPartOf":{"@id":"https:\/\/www.norafrench.nl\/nl\/#website"},"primaryImageOfPage":{"@id":"https:\/\/www.norafrench.nl\/nl\/product\/pioppi-het-kookboek\/#primaryimage"},"image":{"@id":"https:\/\/www.norafrench.nl\/nl\/product\/pioppi-het-kookboek\/#primaryimage"},"thumbnailUrl":"https:\/\/www.norafrench.nl\/wp-content\/uploads\/2020\/01\/NORA_WEBS_Product_Boek-Pioppi_600x600.jpg","datePublished":"2020-02-05T07:56:59+00:00","dateModified":"2024-10-13T17:32:11+00:00","breadcrumb":{"@id":"https:\/\/www.norafrench.nl\/nl\/product\/pioppi-het-kookboek\/#breadcrumb"},"inLanguage":"nl-NL","potentialAction":[{"@type":"ReadAction","target":["https:\/\/www.norafrench.nl\/nl\/product\/pioppi-het-kookboek\/"]}]},{"@type":"ImageObject","inLanguage":"nl-NL","@id":"https:\/\/www.norafrench.nl\/nl\/product\/pioppi-het-kookboek\/#primaryimage","url":"https:\/\/www.norafrench.nl\/wp-content\/uploads\/2020\/01\/NORA_WEBS_Product_Boek-Pioppi_600x600.jpg","contentUrl":"https:\/\/www.norafrench.nl\/wp-content\/uploads\/2020\/01\/NORA_WEBS_Product_Boek-Pioppi_600x600.jpg","width":600,"height":600},{"@type":"BreadcrumbList","@id":"https:\/\/www.norafrench.nl\/nl\/product\/pioppi-het-kookboek\/#breadcrumb","itemListElement":[{"@type":"ListItem","position":1,"name":"Home","item":"https:\/\/www.norafrench.nl\/nl\/"},{"@type":"ListItem","position":2,"name":"Webshop","item":"https:\/\/www.norafrench.nl\/nl\/shop\/"},{"@type":"ListItem","position":3,"name":"Pioppi h\u00e9t kookboek"}]},{"@type":"WebSite","@id":"https:\/\/www.norafrench.nl\/nl\/#website","url":"https:\/\/www.norafrench.nl\/nl\/","name":"Noralicious","description":"","potentialAction":[{"@type":"SearchAction","target":{"@type":"EntryPoint","urlTemplate":"https:\/\/www.norafrench.nl\/nl\/?s={search_term_string}"},"query-input":{"@type":"PropertyValueSpecification","valueRequired":true,"valueName":"search_term_string"}}],"inLanguage":"nl-NL"}]}},"_links":{"self":[{"href":"https:\/\/www.norafrench.nl\/nl\/wp-json\/wp\/v2\/product\/15791","targetHints":{"allow":["GET"]}}],"collection":[{"href":"https:\/\/www.norafrench.nl\/nl\/wp-json\/wp\/v2\/product"}],"about":[{"href":"https:\/\/www.norafrench.nl\/nl\/wp-json\/wp\/v2\/types\/product"}],"wp:featuredmedia":[{"embeddable":true,"href":"https:\/\/www.norafrench.nl\/nl\/wp-json\/wp\/v2\/media\/15813"}],"wp:attachment":[{"href":"https:\/\/www.norafrench.nl\/nl\/wp-json\/wp\/v2\/media?parent=15791"}],"wp:term":[{"taxonomy":"product_brand","embeddable":true,"href":"https:\/\/www.norafrench.nl\/nl\/wp-json\/wp\/v2\/product_brand?post=15791"},{"taxonomy":"product_cat","embeddable":true,"href":"https:\/\/www.norafrench.nl\/nl\/wp-json\/wp\/v2\/product_cat?post=15791"},{"taxonomy":"product_tag","embeddable":true,"href":"https:\/\/www.norafrench.nl\/nl\/wp-json\/wp\/v2\/product_tag?post=15791"}],"curies":[{"name":"wp","href":"https:\/\/api.w.org\/{rel}","templated":true}]}}