{"id":8700,"date":"2016-07-19T17:05:58","date_gmt":"2016-07-19T17:05:58","guid":{"rendered":"http:\/\/www.norafrench.nl\/de\/disclaimer\/"},"modified":"2016-07-19T17:13:53","modified_gmt":"2016-07-19T17:13:53","slug":"disclaimer","status":"publish","type":"page","link":"https:\/\/www.norafrench.nl\/de\/disclaimer\/","title":{"rendered":"Disclaimer"},"content":{"rendered":"<p><strong>Disclaimer Internetseite<br \/>\n<\/strong>Diese Internetseite bietet allgemeine Informationen zu den Produkten und Dienstleistungen der Noralicious. Die Informationen auf dieser Internetseite werden von uns mit st\u00e4ndiger Sorgfalt und Aufmerksamkeit zusammengestellt und unterhalten. Dennoch k\u00f6nnen Fehler nicht immer vermieden werden. Daher k\u00f6nnen keine Rechte aus den auf dieser Internetseite zur Verf\u00fcgung gestellten Informationen abgeleitet werden. Wir \u00fcbernehmen keine Haftung f\u00fcr Sch\u00e4den, die in irgendeiner Weise aus der Nutzung der Internetseite, der Unvollst\u00e4ndigkeit und\/oder Unrichtigkeit der Informationen auf dieser Internetseite oder der (zeitweisen) Nichtverf\u00fcgbarkeit der Internetseite entstehen.<\/p>\n<p>Bei den Informationen auf dieser Website handelt es sich nicht um konkrete Empfehlungen f\u00fcr Einzelpersonen, sondern um allgemeine Informationen zum Thema Gesundheit und Ern\u00e4hrung. Wenn Sie weitergehende Informationen zu bestimmten Produkten oder individuelle Empfehlungen w\u00fcnschen, wenden Sie sich bitte an darauf spezialisierte Einrichtungen und Berufsgruppen.<\/p>\n<p>Diese Internetseite enth\u00e4lt Verweise und\/oder Hyperlinks zu anderen Internetseiten, auf deren Inhalte wir keinen Einfluss haben. Diese Internetseiten werden von uns nach bestem Wissen ausgew\u00e4hlt und bezwecken die Information der Nutzer dieser Internetseite. Wir \u00fcbernehmen keine Gew\u00e4hr oder Haftung in Bezug auf den Inhalt, den Gebrauch oder die Verf\u00fcgbarkeit dieser Internetseiten.<\/p>\n<p><strong>Geistige Eigentumsrechte<\/strong><br \/>\nAlle Rechte am geistigen Eigentum, einschlie\u00dflich Urheberrechte, Rechte an Markenzeichen und Datenbanken in Bezug auf die Informationen, Texte, Bilder, Logos, Fotos und Illustrationen auf dieser Internetseite und in Bezug auf das Layout und Design dieser Internetseite sind Eigentum von Noralicious und\/oder unseren Lizenzgebern. Die Vervielf\u00e4ltigung und\/oder Zurverf\u00fcgungstellung in irgendeiner Weise oder Form (von Teilen) des Inhalts dieser Internetseite ist ohne unsere vorherige schriftliche Zustimmung nicht erlaubt.<\/p>\n<p>&nbsp;<\/p>\n","protected":false},"excerpt":{"rendered":"<p>Disclaimer Internetseite Diese Internetseite bietet allgemeine Informationen zu den Produkten und Dienstleistungen der Noralicious. Die Informationen auf dieser Internetseite werden von uns mit st\u00e4ndiger Sorgfalt und Aufmerksamkeit zusammengestellt und unterhalten. Dennoch k\u00f6nnen Fehler nicht immer vermieden werden. Daher k\u00f6nnen keine Rechte aus den auf dieser Internetseite zur Verf\u00fcgung gestellten Informationen abgeleitet werden. Wir \u00fcbernehmen keine [&hellip;]<\/p>\n","protected":false},"author":3,"featured_media":0,"parent":0,"menu_order":0,"comment_status":"open","ping_status":"open","template":"","meta":{"_acf_changed":false,"footnotes":""},"class_list":["post-8700","page","type-page","status-publish","hentry"],"acf":[],"yoast_head":"<!-- This site is optimized with the Yoast SEO plugin v26.9 - https:\/\/yoast.com\/product\/yoast-seo-wordpress\/ -->\n<title>Disclaimer - Noralicious<\/title>\n<meta name=\"robots\" content=\"index, follow, max-snippet:-1, max-image-preview:large, max-video-preview:-1\" \/>\n<link rel=\"canonical\" href=\"https:\/\/www.norafrench.nl\/de\/disclaimer\/\" \/>\n<meta property=\"og:locale\" content=\"de_DE\" \/>\n<meta property=\"og:type\" content=\"article\" \/>\n<meta property=\"og:title\" content=\"Disclaimer - Noralicious\" \/>\n<meta property=\"og:description\" content=\"Disclaimer Internetseite Diese Internetseite bietet allgemeine Informationen zu den Produkten und Dienstleistungen der Noralicious. Die Informationen auf dieser Internetseite werden von uns mit st\u00e4ndiger Sorgfalt und Aufmerksamkeit zusammengestellt und unterhalten. Dennoch k\u00f6nnen Fehler nicht immer vermieden werden. Daher k\u00f6nnen keine Rechte aus den auf dieser Internetseite zur Verf\u00fcgung gestellten Informationen abgeleitet werden. Wir \u00fcbernehmen keine [&hellip;]\" \/>\n<meta property=\"og:url\" content=\"https:\/\/www.norafrench.nl\/de\/disclaimer\/\" \/>\n<meta property=\"og:site_name\" content=\"Noralicious\" \/>\n<meta property=\"article:modified_time\" content=\"2016-07-19T17:13:53+00:00\" \/>\n<meta name=\"twitter:card\" content=\"summary_large_image\" \/>\n<meta name=\"twitter:label1\" content=\"Gesch\u00e4tzte Lesezeit\" \/>\n\t<meta name=\"twitter:data1\" content=\"1\u00a0Minute\" \/>\n<script type=\"application\/ld+json\" class=\"yoast-schema-graph\">{\"@context\":\"https:\/\/schema.org\",\"@graph\":[{\"@type\":\"WebPage\",\"@id\":\"https:\/\/www.norafrench.nl\/de\/disclaimer\/\",\"url\":\"https:\/\/www.norafrench.nl\/de\/disclaimer\/\",\"name\":\"Disclaimer - Noralicious\",\"isPartOf\":{\"@id\":\"https:\/\/www.norafrench.nl\/de\/#website\"},\"datePublished\":\"2016-07-19T17:05:58+00:00\",\"dateModified\":\"2016-07-19T17:13:53+00:00\",\"breadcrumb\":{\"@id\":\"https:\/\/www.norafrench.nl\/de\/disclaimer\/#breadcrumb\"},\"inLanguage\":\"de\",\"potentialAction\":[{\"@type\":\"ReadAction\",\"target\":[\"https:\/\/www.norafrench.nl\/de\/disclaimer\/\"]}]},{\"@type\":\"BreadcrumbList\",\"@id\":\"https:\/\/www.norafrench.nl\/de\/disclaimer\/#breadcrumb\",\"itemListElement\":[{\"@type\":\"ListItem\",\"position\":1,\"name\":\"Home\",\"item\":\"https:\/\/www.norafrench.nl\/de\/\"},{\"@type\":\"ListItem\",\"position\":2,\"name\":\"Disclaimer\"}]},{\"@type\":\"WebSite\",\"@id\":\"https:\/\/www.norafrench.nl\/de\/#website\",\"url\":\"https:\/\/www.norafrench.nl\/de\/\",\"name\":\"Noralicious\",\"description\":\"\",\"potentialAction\":[{\"@type\":\"SearchAction\",\"target\":{\"@type\":\"EntryPoint\",\"urlTemplate\":\"https:\/\/www.norafrench.nl\/de\/?s={search_term_string}\"},\"query-input\":{\"@type\":\"PropertyValueSpecification\",\"valueRequired\":true,\"valueName\":\"search_term_string\"}}],\"inLanguage\":\"de\"}]}<\/script>\n<!-- \/ Yoast SEO plugin. -->","yoast_head_json":{"title":"Disclaimer - Noralicious","robots":{"index":"index","follow":"follow","max-snippet":"max-snippet:-1","max-image-preview":"max-image-preview:large","max-video-preview":"max-video-preview:-1"},"canonical":"https:\/\/www.norafrench.nl\/de\/disclaimer\/","og_locale":"de_DE","og_type":"article","og_title":"Disclaimer - Noralicious","og_description":"Disclaimer Internetseite Diese Internetseite bietet allgemeine Informationen zu den Produkten und Dienstleistungen der Noralicious. Die Informationen auf dieser Internetseite werden von uns mit st\u00e4ndiger Sorgfalt und Aufmerksamkeit zusammengestellt und unterhalten. Dennoch k\u00f6nnen Fehler nicht immer vermieden werden. Daher k\u00f6nnen keine Rechte aus den auf dieser Internetseite zur Verf\u00fcgung gestellten Informationen abgeleitet werden. Wir \u00fcbernehmen keine [&hellip;]","og_url":"https:\/\/www.norafrench.nl\/de\/disclaimer\/","og_site_name":"Noralicious","article_modified_time":"2016-07-19T17:13:53+00:00","twitter_card":"summary_large_image","twitter_misc":{"Gesch\u00e4tzte Lesezeit":"1\u00a0Minute"},"schema":{"@context":"https:\/\/schema.org","@graph":[{"@type":"WebPage","@id":"https:\/\/www.norafrench.nl\/de\/disclaimer\/","url":"https:\/\/www.norafrench.nl\/de\/disclaimer\/","name":"Disclaimer - Noralicious","isPartOf":{"@id":"https:\/\/www.norafrench.nl\/de\/#website"},"datePublished":"2016-07-19T17:05:58+00:00","dateModified":"2016-07-19T17:13:53+00:00","breadcrumb":{"@id":"https:\/\/www.norafrench.nl\/de\/disclaimer\/#breadcrumb"},"inLanguage":"de","potentialAction":[{"@type":"ReadAction","target":["https:\/\/www.norafrench.nl\/de\/disclaimer\/"]}]},{"@type":"BreadcrumbList","@id":"https:\/\/www.norafrench.nl\/de\/disclaimer\/#breadcrumb","itemListElement":[{"@type":"ListItem","position":1,"name":"Home","item":"https:\/\/www.norafrench.nl\/de\/"},{"@type":"ListItem","position":2,"name":"Disclaimer"}]},{"@type":"WebSite","@id":"https:\/\/www.norafrench.nl\/de\/#website","url":"https:\/\/www.norafrench.nl\/de\/","name":"Noralicious","description":"","potentialAction":[{"@type":"SearchAction","target":{"@type":"EntryPoint","urlTemplate":"https:\/\/www.norafrench.nl\/de\/?s={search_term_string}"},"query-input":{"@type":"PropertyValueSpecification","valueRequired":true,"valueName":"search_term_string"}}],"inLanguage":"de"}]}},"_links":{"self":[{"href":"https:\/\/www.norafrench.nl\/de\/wp-json\/wp\/v2\/pages\/8700","targetHints":{"allow":["GET"]}}],"collection":[{"href":"https:\/\/www.norafrench.nl\/de\/wp-json\/wp\/v2\/pages"}],"about":[{"href":"https:\/\/www.norafrench.nl\/de\/wp-json\/wp\/v2\/types\/page"}],"author":[{"embeddable":true,"href":"https:\/\/www.norafrench.nl\/de\/wp-json\/wp\/v2\/users\/3"}],"replies":[{"embeddable":true,"href":"https:\/\/www.norafrench.nl\/de\/wp-json\/wp\/v2\/comments?post=8700"}],"version-history":[{"count":3,"href":"https:\/\/www.norafrench.nl\/de\/wp-json\/wp\/v2\/pages\/8700\/revisions"}],"predecessor-version":[{"id":8713,"href":"https:\/\/www.norafrench.nl\/de\/wp-json\/wp\/v2\/pages\/8700\/revisions\/8713"}],"wp:attachment":[{"href":"https:\/\/www.norafrench.nl\/de\/wp-json\/wp\/v2\/media?parent=8700"}],"curies":[{"name":"wp","href":"https:\/\/api.w.org\/{rel}","templated":true}]}}